{"id":310,"date":"2017-12-29T12:23:51","date_gmt":"2017-12-29T12:23:51","guid":{"rendered":"http:\/\/ds-parkett.de\/?page_id=310"},"modified":"2018-05-24T08:30:06","modified_gmt":"2018-05-24T08:30:06","slug":"impressum","status":"publish","type":"page","link":"https:\/\/ds-parkett.de\/index.php\/impressum\/","title":{"rendered":"Impressum"},"content":{"rendered":"<div id=\"pl-310\"  class=\"panel-layout\" ><div id=\"pg-310-0\"  class=\"panel-grid panel-has-style\" ><div class=\"panel-row-style panel-row-style-for-310-0\" ><div id=\"pgc-310-0-0\"  class=\"panel-grid-cell\" ><div id=\"panel-310-0-0-0\" class=\"so-panel widget widget_sow-editor panel-first-child panel-last-child\" data-index=\"0\" ><div\n\t\t\t\n\t\t\tclass=\"so-widget-sow-editor so-widget-sow-editor-base\"\n\t\t\t\n\t\t><h3 class=\"widget-title\">Impressum<\/h3>\n<div class=\"siteorigin-widget-tinymce textwidget\">\n\t<p><strong>Firmendaten<\/strong><br \/>\nD. S. Parkett<br \/>\nInh. Dietrich Sudheimer<\/p>\n<p>B3 Center<br \/>\nMarkgrafenstr. 125\/1<br \/>\n79211 Denzlingen<\/p>\n<p>Tel. 07666 \/ 9120244<br \/>\nMobil. 0175 \/ 2940141<\/p>\n<p>info@ds-parkett.de<br \/>\nwww.ds-parkett.de<\/p>\n<p><strong><br \/>\nVerantwortlich f\u00fcr den Inhalt<br \/>\n<\/strong>D. S. Parkett<br \/>\nInh. Dietrich Sudheimer<\/p>\n<p>B3 Center<br \/>\nMarkgrafenstr. 125\/1<br \/>\n79211 Denzlingen<\/p>\n<p><strong>\u00a0<\/strong><\/p>\n<p><strong>Webdesign<\/strong><br \/>\nWeb.K-Design<br \/>\nWebdesign und Werbung in Freiburg und Region<br \/>\nTel. 0152 29544962<br \/>\ninfo@webk-design.de<br \/>\nwww.webk-design.de<\/p>\n<p><strong>Disclaimer<\/strong><br \/>\nWir haben auf diesen Seiten Links zu anderen Seiten im Internet. F\u00fcr alle diese Links gilt, dass wir keinerlei Einfluss auf die Gestaltung und die Inhalte der gelinkten Seiten haben. Deswegen \u00fcbernehmen wir auch keinerlei Verantwortung f\u00fcr Inhalt und Gestaltung dieser Seiten. Diese Erkl\u00e4rung gilt f\u00fcr alle in diesem Internetauftritt angezeigten Links und f\u00fcr alle Inhalte der Seiten, zu denen die bei uns angemeldeten Banner und Links f\u00fchren.<\/p>\n<p><strong>Haftungshinweis<\/strong><br \/>\nTrotz sorgf\u00e4ltiger inhaltlicher Kontrolle \u00fcbernehmen wir keine Haftung f\u00fcr die Inhalte externer Links. F\u00fcr den Inhalt der verlinkten Seiten sind ausschlie\u00dflich deren Betreiber verantwortlich.<\/p>\n<p><strong>Copyright<\/strong><br \/>\nDie vorliegenden Inhalte des Internetauftritts sind urheberrechtlich gesch\u00fctzt. Alle Rechte sind vorbehalten. Mit Ausnahme der angebotenen Downloads zur Verwendung in der Originalfassung verst\u00f6\u00dft die Verwendung der Texte und Abbildungen, auch auszugsweise, ohne die vorherige schriftliche Zustimmung gegen die Bestimmungen des Urheberrechts und ist damit rechtswidrig. Dies gilt insbesondere auch f\u00fcr alle Verwertungsrechte wie die Vervielf\u00e4ltigung, die \u00dcbersetzung oder die Verwendung in elektronischen Systemen. Auf unserer Website werden eingetragene Marken, Handelsnamen, Gebrauchsmuster und Logos verwendet. Auch wenn diese an den jeweiligen Stellen nicht als solche gekennzeichnet sind, gelten die entsprechenden gesetzlichen Bestimmungen.<\/p>\n<p><strong>Datenschutz<\/strong><br \/>\nDie Betreiber dieser Seiten nehmen den Schutz Ihrer pers\u00f6nlichen Daten sehr ernst. Wir behandeln Ihre personenbezogenen Daten vertraulich und entsprechend der gesetzlichen Datenschutzvorschriften sowie dieser Datenschutzerkl\u00e4rung.<\/p>\n<p>Die Nutzung unserer Webseite ist in der Regel ohne Angabe personenbezogener Daten m\u00f6glich. Soweit auf unseren Seiten personenbezogene Daten (beispielsweise Name, Anschrift oder E-Mail-Adressen) erhoben werden, erfolgt dies, soweit m\u00f6glich, stets auf freiwilliger Basis. Diese Daten werden ohne Ihre ausdr\u00fcckliche Zustimmung nicht an Dritte weitergegeben.<\/p>\n<p>Wir weisen darauf hin, dass die Daten\u00fcbertragung im Internet (z.B. bei der Kommunikation per E-Mail) Sicherheitsl\u00fccken aufweisen kann. Ein l\u00fcckenloser Schutz der Daten vor dem Zugriff durch Dritte ist nicht m\u00f6glich.<\/p>\n<p><strong>Cookies<\/strong><br \/>\nDie Internetseiten verwenden teilweise so genannte Cookies. Cookies richten auf Ihrem Rechner keinen Schaden an und enthalten keine Viren. Cookies dienen dazu, unser Angebot nutzerfreundlicher, effektiver und sicherer zu machen. Cookies sind kleine Textdateien, die auf Ihrem Rechner abgelegt werden und die Ihr Browser speichert.<\/p>\n<p>Die meisten der von uns verwendeten Cookies sind so genannte \u201eSession-Cookies\u201c. Sie werden nach Ende Ihres Besuchs automatisch gel\u00f6scht. Andere Cookies bleiben auf Ihrem Endger\u00e4t gespeichert, bis Sie diese l\u00f6schen. Diese Cookies erm\u00f6glichen es uns, Ihren Browser beim n\u00e4chsten Besuch wiederzuerkennen.<\/p>\n<p>Sie k\u00f6nnen Ihren Browser so einstellen, dass Sie \u00fcber das Setzen von Cookies informiert werden und Cookies nur im Einzelfall erlauben, die Annahme von Cookies f\u00fcr bestimmte F\u00e4lle oder generell ausschlie\u00dfen sowie das automatische L\u00f6schen der Cookies beim Schlie\u00dfen des Browser aktivieren. Bei der Deaktivierung von Cookies kann die Funktionalit\u00e4t dieser Website eingeschr\u00e4nkt sein.<\/p>\n<p><strong>Kontaktformular<\/strong><br \/>\nWenn Sie uns per Kontaktformular Anfragen zukommen lassen, werden Ihre Angaben aus dem Anfrageformular inklusive der von Ihnen dort angegebenen Kontaktdaten zwecks Bearbeitung der Anfrage und f\u00fcr den Fall von Anschlussfragen bei uns gespeichert. Diese Daten geben wir nicht ohne Ihre Einwilligung weiter.<\/p>\n<p><strong>Allgemeine Gesch\u00e4ftsbedingungen (AGB)<\/strong><\/p>\n<p>1. Material, welches vom Auftraggeber, nachfolgend AG genannt, selbst beschafft wird, ist am Arbeitsplatz durch diesen bereitzustellen. Ein Mehraufwand durch Transportwege und Unzug\u00e4nglichkeit f\u00fcr den Auftragnehmer, nachfolgen AN genannt, wird mit einer Pauschale von Euro 100,- in Rechnung gestellt. Alternativ werden bei Behebung durch den AG anfallende Wartezeiten zum angegebenen Stundenverrechnungssatz (siehe Punkt 8 und 9 der AGB) verrechnet.<br \/>\nDer AG hat das selbst beschaffte Material selbstst\u00e4ndig und eigenverantwortlich auf Vollst\u00e4ndigkeit und M\u00e4ngel zu \u00fcberpr\u00fcfen. Auf das, vom AG beschaffte Material, wird vom AN keine Gew\u00e4hrleistung auf Haltbarkeit und Qualit\u00e4t \u00fcbernommen.<\/p>\n<p>2. Materialbeschaffungen seitens AN sind jederzeit m\u00f6glich, jedoch kann diese erst nach der schriftlichen Auftragserteilung stattfinden. Mit Auftragserteilung besteht eine Abnahmeverpflichtung. Bei Nichteinhaltung werden f\u00fcr Lagerware 25% und f\u00fcr Bestellware 35% der Brutto-Warenwertes als Stornogeb\u00fchren f\u00e4llig und in Rechnung gestellt.<\/p>\n<p>3. Die vom Bauvorhaben, nachfolgend BV genannt, betroffenen R\u00e4ume und Bereiche m\u00fcssen frei von beweglichen und empfindlichen Gegenst\u00e4nden und M\u00f6beln sein. F\u00fcr Sch\u00e4den und Verunreinigungen, die durch, im Rahmen der Arbeiten anfallenden und unvermeidbaren, Staubentwicklung entstehen, sowie mechanische Sch\u00e4den an Inventar, welches entgegen den AGB (falls nicht anders vereinbart) nicht entfernt wurde, wird von AN keine Haftung \u00fcbernommen. F\u00fcr den Fall, dass die R\u00e4umlichkeiten zur Durchf\u00fchrung der Arbeiten vom AN ger\u00e4umt werden m\u00fcssen, wird eine Pauschale von Euro 100,- erhoben, sofern diese nicht zus\u00e4tzlich zum Transport demontiert werden m\u00fcssen. In diesem Fall wird die Demontage zus\u00e4tzlich zum angegebenen Stundenverrechnungssatz mit entsprechender Auftragserteilung verrechnet. F\u00fcr Sch\u00e4den, die durch die Demontage und den Transport am Gegenstand, oder im Objekt entstehen wird keine Haftung \u00fcbernommen. F\u00fcr die anschlie\u00dfende Montage der Gegenst\u00e4nde ist der AG im Anschluss selbst verantwortlich.<\/p>\n<p>4. F\u00fcr eine Auftragserteilung bitten wir Sie, das Formular vor Ausf\u00fchrung der Arbeiten unterzeichnet per auf dem Postweg an uns zur\u00fcck zu senden. Bei Auftragserteilung stellen wir eine Abschlagsrechnung in H\u00f6he von 40% der vorl\u00e4ufigen Angebotssumme, mindestens jedoch in H\u00f6he der anfallenden Materialkosten, welche detailliert im Angebot aufgef\u00fchrt sind.<br \/>\nDie Bestellung des Materials erfolgt nach Eingang der Abschlagszahlung. Bei Bestellware gelten die vom Hersteller angegebenen Lieferfristen, auf welche der AN keinen Einfluss hat und daher f\u00fcr lieferbedingte Verz\u00f6gerungen keine Verantwortung \u00fcbernimmt.<br \/>\nMit Auftragserteilung erlangt dieser Vertrag diesbez\u00fcglich seine rechtliche Wirksamkeit.<\/p>\n<p>5. F\u00fcr die Richtigkeit der Mengen- und Fl\u00e4chenangaben ist der AG verantwortlich und hat diese ggf. vor der Bestellung noch einmal zu kontrollieren, sofern das Aufmass nicht durch den AN selbst, oder einer vom AN beauftragte Person durchgef\u00fchrt worden ist.<\/p>\n<p>6. Wasser und Strom sind, falls nicht anders vereinbart, bereitzustellen und angemessen zug\u00e4nglich zu machen.<\/p>\n<p>7. Der AG hat, der Art und dem Umfang der Arbeiten entsprechend, eine angemessene Arbeitsfl\u00e4che bereit zu stellen. Sonderabmachungen diesbez\u00fcglich k\u00f6nnen vorab getroffen werden und werden bei Auftragserteilung explizit aufgef\u00fchrt und ggf. in Rechnung gestellt.<\/p>\n<p>8. Die Preise beruhen auf unseren, zum Lohnverrechnungssatz kalkulierten S\u00e4tzen und k\u00f6nnen jederzeit offen gelegt werden. Regiearbeiten werden nach tats\u00e4chlichem Aufwand zuz\u00fcglich einer Anfahrtspauschale je Arbeitstag und Mann \u00e1 Euro 38,- berechnet. Die Anfahrtspauschale wir nur bei reinen Regiestundenabrechnungen f\u00e4llig.<\/p>\n<p>9. Im Angebot enthaltene Arbeiten auf Regiestunden basieren grunds\u00e4tzlich auf Sch\u00e4tzwerten und k\u00f6nnen je nach tats\u00e4chlichem Aufwand auch deutlich mehr, als 10% von der vorl\u00e4ufigen Angebotssumme abweichen. Die Abrechnung erfolgt je angefangene 0,5 Mannstunden und muss nach Abschluss des Arbeitstages auf dem Regiebericht vom AG, oder einer von ihm beauftragten Person, gegengezeichnet werden.<\/p>\n<p>10. Generell ist es m\u00f6glich eine Festpreisvereinbarung zu treffen, damit sie gezielt Kosten erfassen k\u00f6nnen. Ein Festpreis gilt nur im gesamten Umfang des Auftragsvolumens, wie im Angebot aufgef\u00fchrt. Bei nachtr\u00e4glichem Wegfall einer Leistung werden 5% der Position als Ausgleichsentsch\u00e4digung berechnet (eigens daf\u00fcr beschafftes Material siehe Punkt 2 der AGB). Das nachtr\u00e4gliche Hinzuf\u00fcgen von Leistungen und Erweiterungen des Leistungsumfanges muss zus\u00e4tzlich mit einer schriftlichen Auftragserteilung rechtswirksam vereinbart werden. M\u00fcndliche Absprachen sind nicht statthaft. Die Gew\u00e4hrleistung beginnt mit der \u00dcbergabe des BVs bei Fertigstellung, bzw. der Abnahme durch den AG.<\/p>\n<p>11. Bei Folgearbeiten durch Fremdfirmen ist die Abnahme vor Beginn der Arbeiten durchzuf\u00fchren, bzw. bei parallelen Arbeiten mehrerer Firmen nach jedem Arbeitstag eine Schadensfreiheit zu best\u00e4tigen.<\/p>\n<p>12. F\u00fcr die Arbeiten wird, falls nicht anders vereinbart, eine Gew\u00e4hrleistung gem. \u00a713 VOB\/B \u00fcbernommen. Ausgenommen davon sind Sch\u00e4den, die ihre Ursache in M\u00e4ngeln des bereits bestehenden Bauwerks haben, welche vor der Ausf\u00fchrung verdeckt waren. Mit der verbindlichen Auftragserteilung erkennt der Auftraggeber diese AGB an. Sonderabmachungen m\u00fcssen schriftlich erfolgen.<\/p>\n<p>D.S. Parkett<br \/>\nDietrich Sudheimer<br \/>\nB3 Center<br \/>\nMarkgrafenstr. 125\/1<br \/>\n79211 Denzlingen<br \/>\nEs gelten die o.g. AGB<\/p>\n<\/div>\n<\/div><\/div><\/div><\/div><\/div><\/div>","protected":false},"excerpt":{"rendered":"<p>Firmendaten D. S. Parkett Inh. Dietrich Sudheimer B3 Center Markgrafenstr. 125\/1 79211 Denzlingen Tel. 07666 \/ 9120244 Mobil. 0175 \/ 2940141 info@ds-parkett.de www.ds-parkett.de Verantwortlich f\u00fcr den Inhalt D. S. Parkett Inh. Dietrich Sudheimer B3 Center Markgrafenstr. 125\/1 79211 Denzlingen \u00a0 Webdesign Web.K-Design Webdesign und Werbung in Freiburg und Region Tel. 0152 29544962 info@webk-design.de www.webk-design.de Disclaimer&hellip;<\/p>\n","protected":false},"author":1,"featured_media":0,"parent":0,"menu_order":0,"comment_status":"closed","ping_status":"closed","template":"","meta":{"footnotes":""},"class_list":["post-310","page","type-page","status-publish","hentry"],"_links":{"self":[{"href":"https:\/\/ds-parkett.de\/index.php\/wp-json\/wp\/v2\/pages\/310","targetHints":{"allow":["GET"]}}],"collection":[{"href":"https:\/\/ds-parkett.de\/index.php\/wp-json\/wp\/v2\/pages"}],"about":[{"href":"https:\/\/ds-parkett.de\/index.php\/wp-json\/wp\/v2\/types\/page"}],"author":[{"embeddable":true,"href":"https:\/\/ds-parkett.de\/index.php\/wp-json\/wp\/v2\/users\/1"}],"replies":[{"embeddable":true,"href":"https:\/\/ds-parkett.de\/index.php\/wp-json\/wp\/v2\/comments?post=310"}],"version-history":[{"count":4,"href":"https:\/\/ds-parkett.de\/index.php\/wp-json\/wp\/v2\/pages\/310\/revisions"}],"predecessor-version":[{"id":381,"href":"https:\/\/ds-parkett.de\/index.php\/wp-json\/wp\/v2\/pages\/310\/revisions\/381"}],"wp:attachment":[{"href":"https:\/\/ds-parkett.de\/index.php\/wp-json\/wp\/v2\/media?parent=310"}],"curies":[{"name":"wp","href":"https:\/\/api.w.org\/{rel}","templated":true}]}}