{"id":78,"date":"2017-12-27T11:12:58","date_gmt":"2017-12-27T11:12:58","guid":{"rendered":"http:\/\/ds-parkett.de\/?page_id=78"},"modified":"2021-01-31T12:40:00","modified_gmt":"2021-01-31T12:40:00","slug":"leistungen","status":"publish","type":"page","link":"https:\/\/ds-parkett.de\/index.php\/leistungen\/","title":{"rendered":"Leistungen"},"content":{"rendered":"<div id=\"pl-78\"  class=\"panel-layout\" ><div id=\"pg-78-0\"  class=\"panel-grid panel-has-style\" ><div class=\"panel-row-style panel-row-style-for-78-0\" ><div id=\"pgc-78-0-0\"  class=\"panel-grid-cell\" ><div id=\"panel-78-0-0-0\" class=\"so-panel widget widget_sow-editor panel-first-child panel-last-child\" data-index=\"0\" ><div\n\t\t\t\n\t\t\tclass=\"so-widget-sow-editor so-widget-sow-editor-base\"\n\t\t\t\n\t\t><h3 class=\"widget-title\">Unsere Leistungen<\/h3>\n<div class=\"siteorigin-widget-tinymce textwidget\">\n\t<p>Kleine Renovierungen,\u00a0 gro\u00dfe Bauprojekte, egal ob privater Hausbau oder ein Gewerbeprojekt;\u00a0 DS-Parkett ist Ihr professioneller Partner und Fachmann f\u00fcr alle Arten von Fussbodenbel\u00e4gen.<\/p>\n<p>Wir sorgen daf\u00fcr, dass Sie lange Freude an Ihrem Fu\u00dfboden haben.<br \/> Je nach Beanspruchung und Anforderungen verlegen wir,\u00a0 CV Bel\u00e4ge, Laminat, Kork, Parkett, Teppich, Designbodenbel\u00e4ge, elastische Bodenbel\u00e4ge.<br \/> Dazu geh\u00f6ren selbstverst\u00e4ndlich s\u00e4mtliche Vorbereitungsarbeiten sowie der fachgerechte Unterbau des Belages.<br \/> Sie m\u00f6chten Ihren bestehenden Fu\u00dfboden fachm\u00e4nnisch aufarbeiten lassen? Auch daf\u00fcr sind wir genau die richtige Adresse.<\/p>\n<h4>Nat\u00fcrlich nachhaltig!<\/h4>\n<p>Wir unterst\u00fctzen Sie gerne bei der Auswahl der f\u00fcr Ihr Objekt passender Bodenbel\u00e4ge. Wir legen hier ein besonderes Augenmerk auf langlebige, umweltschonende und allergiefreie Materialien.<\/p>\n<\/div>\n<\/div><\/div><\/div><\/div><\/div><div id=\"pg-78-1\"  class=\"panel-grid panel-has-style\" ><div class=\"siteorigin-panels-stretch panel-row-style panel-row-style-for-78-1\" data-stretch-type=\"full\" ><div id=\"pgc-78-1-0\"  class=\"panel-grid-cell\" ><div id=\"panel-78-1-0-0\" class=\"so-panel widget widget_lsow-hero-image panel-first-child panel-last-child\" data-index=\"1\" ><div\n\t\t\t\n\t\t\tclass=\"so-widget-lsow-hero-image so-widget-lsow-hero-image-default-4461fa617e0c-78\"\n\t\t\t\n\t\t>\n<h3 class=\"widget-title\">Parkett<\/h3>\n<div class=\"lsow-hero-header lsow-section-bg-parallax\" >\n\n    \n    <div class=\"lsow-background\">\n\n        \n            \n            \n                \n                    <div class=\"lsow-parallax-bg\"\n                         style=\"background-image: url(https:\/\/ds-parkett.de\/wp-content\/uploads\/2017\/09\/ds-parkett-02.jpg);\"><\/div>\n\n                \n            \n        \n    <\/div><!-- .lsow-background -->\n\n    \n        <div class=\"lsow-overlay\" style=\"background-color: rgba(51, 51, 51, 0.3);\"><\/div>\n\n    \n    <div class=\"lsow-header-content\">\n\n        \n            <div class=\"lsow-standard-header\">\n\n                \n                <h3 class=\"lsow-heading\">Parkett<\/h3>\n                \n            <\/div>\n\n        \n\n    <\/div>\n\n    \n<\/div><\/div><\/div><\/div><\/div><\/div><div id=\"pg-78-2\"  class=\"panel-grid panel-has-style\" ><div class=\"panel-row-style panel-row-style-for-78-2\" ><div id=\"pgc-78-2-0\"  class=\"panel-grid-cell\" ><div id=\"panel-78-2-0-0\" class=\"so-panel widget widget_sow-editor panel-first-child panel-last-child\" data-index=\"2\" ><div\n\t\t\t\n\t\t\tclass=\"so-widget-sow-editor so-widget-sow-editor-base\"\n\t\t\t\n\t\t>\n<div class=\"siteorigin-widget-tinymce textwidget\">\n\t<p><strong>Parkett,<\/strong> der Klassiker unter den Holzfu\u00dfb\u00f6den. <br \/>Hochwertig, strapazierf\u00e4hig, hygienisch, pflegeleicht und sehr lange Haltbarkeit sind die herausragenden Eigenschaften von Parkett.<br \/> Bei der Auswahl gibt es kaum Grenzen. Unterschiedlichste H\u00f6lzer aus Europa und Nordamerika in verschiedenen Maserungen und Verlegevarianten oder auch mit hochwertigen Intarsien (Einlegearbeiten) machen die Auswahl des Parkettbodens nicht leicht. Auch die ge\u00f6lte Oberfl\u00e4che mit \u00d6len von Loba verdient besondere Aufmerksamkeit. Zusammen finden wir den passenden Holzboden f\u00fcr Sie. <br \/>Wir verarbeiten seit Jahren nur hochwertige Parkettboden mit Herkunft aus Europa, zusammen im Partnerschaft mit Firma <strong><em>PANAGET<\/em><\/strong> und <strong><em>BAUWERKPARKETT<\/em><\/strong>, haben wir \u00fcber die Jahren ein sehr zufrieden Kunden kreis erreich. F\u00fcr unsere Leistungen und Qualit\u00e4t stehen wir mit unsren Namen immer f\u00fcr Sie da. Wir verarbeiten Parkettb\u00f6den verschiedenster f\u00fchrender Hersteller.<\/p>\n<p>\u00dcber die unterschiedlichen Verarbeitungs- und Einsatzm\u00f6glichkeiten w\u00fcrden wir Sie gerne ausf\u00fchrlich durch unser Fachpersonal informieren. Vereinbaren gleich ein Termin mit uns telefonisch <strong><a href=\"tel:+491752940141\">0175 \/ 2940141<\/a><\/strong> oder per <strong><a href=\"http:\/\/old.ds-parkett.de\/kontakt\">Email<\/a><\/strong>.<\/p>\n<\/div>\n<\/div><\/div><\/div><\/div><\/div><div id=\"pg-78-3\"  class=\"panel-grid panel-has-style\" ><div class=\"siteorigin-panels-stretch panel-row-style panel-row-style-for-78-3\" data-stretch-type=\"full\" ><div id=\"pgc-78-3-0\"  class=\"panel-grid-cell\" ><div id=\"panel-78-3-0-0\" class=\"so-panel widget widget_lsow-hero-image panel-first-child panel-last-child\" data-index=\"3\" ><div\n\t\t\t\n\t\t\tclass=\"so-widget-lsow-hero-image so-widget-lsow-hero-image-default-4461fa617e0c-78\"\n\t\t\t\n\t\t>\n\n<div class=\"lsow-hero-header lsow-section-bg-parallax\" >\n\n    \n    <div class=\"lsow-background\">\n\n        \n            \n            \n                \n                    <div class=\"lsow-parallax-bg\"\n                         style=\"background-image: url(https:\/\/ds-parkett.de\/wp-content\/uploads\/2017\/12\/Sichtbetonboden.jpg);\"><\/div>\n\n                \n            \n        \n    <\/div><!-- .lsow-background -->\n\n    \n        <div class=\"lsow-overlay\" style=\"background-color: rgba(51, 51, 51, 0.3);\"><\/div>\n\n    \n    <div class=\"lsow-header-content\">\n\n        \n            <div class=\"lsow-standard-header\">\n\n                \n                <h3 class=\"lsow-heading\">Sichtbetonboden<\/h3>\n                \n            <\/div>\n\n        \n\n    <\/div>\n\n    \n<\/div><\/div><\/div><\/div><\/div><\/div><div id=\"pg-78-4\"  class=\"panel-grid panel-has-style\" ><div class=\"panel-row-style panel-row-style-for-78-4\" ><div id=\"pgc-78-4-0\"  class=\"panel-grid-cell\" ><div id=\"panel-78-4-0-0\" class=\"so-panel widget widget_sow-editor panel-first-child panel-last-child\" data-index=\"4\" ><div\n\t\t\t\n\t\t\tclass=\"so-widget-sow-editor so-widget-sow-editor-base\"\n\t\t\t\n\t\t>\n<div class=\"siteorigin-widget-tinymce textwidget\">\n\t<p>Das sogenannte <strong>Sichtbetonboden<\/strong> ist voll im Trend. Damit sind auch Sichtbeton Oberfl\u00e4chen wieder modern \u2013 nicht nur an W\u00e4nden sondern auch auf den B\u00f6den. Sichtbeton hat dabei einige Vorteile, unter anderem weil er sehr robust ist.<\/p>\n<p>Die Oberfl\u00e4che von Sichtbeton l\u00e4sst sich ganz unterschiedlich gestalten und hat kaum mehr \u00c4hnlichkeit mit der Oberfl\u00e4che von Gebrauchsbeton. Die Optik beim Sichtbetonboden kann ver\u00e4ndert werden, indem man Farbpigmente zuf\u00fcgt. <\/p>\n<p>So kann man den Boden in Sichtbeton Optik v\u00f6llig auf Kundenwunsch abstimmen. Interessant dabei ist, dass sich die Farbpigmente des Bodens auch durch Abrieb nicht abnutzen \u2013 der Betonboden sieht also auch nach Jahrzehnten aus wie am ersten Tag. <\/p>\n<p>\u00dcber die Art des Schliffs kann man dann die Optik des Bodens noch weitergehend ver\u00e4ndern. Ein grobes Schleifen f\u00fchrt zu einer v\u00f6llig anderen Optik als ein Feinschliff, bei dem der Boden v\u00f6llig glatt wird.<\/p>\n<\/div>\n<\/div><\/div><\/div><\/div><\/div><div id=\"pg-78-5\"  class=\"panel-grid panel-has-style\" ><div class=\"siteorigin-panels-stretch panel-row-style panel-row-style-for-78-5\" data-stretch-type=\"full\" ><div id=\"pgc-78-5-0\"  class=\"panel-grid-cell\" ><div id=\"panel-78-5-0-0\" class=\"so-panel widget widget_lsow-hero-image panel-first-child panel-last-child\" data-index=\"5\" ><div\n\t\t\t\n\t\t\tclass=\"so-widget-lsow-hero-image so-widget-lsow-hero-image-default-4461fa617e0c-78\"\n\t\t\t\n\t\t>\n\n<div class=\"lsow-hero-header lsow-section-bg-parallax\" >\n\n    \n    <div class=\"lsow-background\">\n\n        \n            \n            \n                \n                    <div class=\"lsow-parallax-bg\"\n                         style=\"background-image: url(https:\/\/ds-parkett.de\/wp-content\/uploads\/2017\/12\/Designboden.jpg);\"><\/div>\n\n                \n            \n        \n    <\/div><!-- .lsow-background -->\n\n    \n        <div class=\"lsow-overlay\" style=\"background-color: rgba(51, 51, 51, 0.3);\"><\/div>\n\n    \n    <div class=\"lsow-header-content\">\n\n        \n            <div class=\"lsow-standard-header\">\n\n                \n                <h3 class=\"lsow-heading\">Design Bodenbel\u00e4ge<\/h3>\n                \n            <\/div>\n\n        \n\n    <\/div>\n\n    \n<\/div><\/div><\/div><\/div><\/div><\/div><div id=\"pg-78-6\"  class=\"panel-grid panel-has-style\" ><div class=\"panel-row-style panel-row-style-for-78-6\" ><div id=\"pgc-78-6-0\"  class=\"panel-grid-cell\" ><div id=\"panel-78-6-0-0\" class=\"so-panel widget widget_sow-editor panel-first-child panel-last-child\" data-index=\"6\" ><div\n\t\t\t\n\t\t\tclass=\"so-widget-sow-editor so-widget-sow-editor-base\"\n\t\t\t\n\t\t>\n<div class=\"siteorigin-widget-tinymce textwidget\">\n\t<p>Sieht aus wie Echtholz oder Steinfliesen, ist es aber nicht! <strong>Designbodenbel\u00e4ge<\/strong> sind die bevorzugte Wahl, wenn man einen langlebigen und strapazierf\u00e4higen Bodenbelag w\u00fcnscht. Sowohl im gewerblichen als auch im privaten Wohnbereich sind die B\u00f6den nicht zuletzt wegen ihrer leicht zu reinigenden Oberfl\u00e4che beliebt. Das nat\u00fcrliche Begehger\u00e4usch, die fu\u00dfwarme Oberfl\u00e4che und vor allem die authentischen Optiken machen diese vielseitigen PVC-Bel\u00e4ge zu wahren Trendsettern.<\/p>\n<p>Wir bieten die Designbodenbel\u00e4ge vom f\u00fchrenden Designboden-Spezialisten <em><strong>PROJECT FLOORS<\/strong><\/em> an. Dank ihrer matten Oberfl\u00e4che und der jeweils zum Dekor passenden Oberfl\u00e4chenpr\u00e4gung, kann man diese B\u00f6den kaum noch vom Originalholz unterscheiden!<\/p>\n<p>Die Bel\u00e4ge sind nicht nur in Planken- oder in Fliesenform, sondern zus\u00e4tzlich auch noch in verschiedenen Nutzschichten erh\u00e4ltlich. Nat\u00fcrlich gesundheitlich unbedenklich \u2013 hier wird der phthalatfreie Weichmacher Hexamoll \u00ae DINCH \u00ae verwendet.<\/p>\n<p><img loading=\"lazy\" decoding=\"async\" class=\"alignnone size-full wp-image-353\" src=\"http:\/\/ds-parkett.de\/wp-content\/uploads\/2017\/12\/YourProjectOurFloors_260px-1.png\" alt=\"\" width=\"260\" height=\"34\" \/>\u00a0<\/p>\n<\/div>\n<\/div><\/div><\/div><\/div><\/div><div id=\"pg-78-7\"  class=\"panel-grid panel-has-style\" ><div class=\"siteorigin-panels-stretch panel-row-style panel-row-style-for-78-7\" data-stretch-type=\"full\" ><div id=\"pgc-78-7-0\"  class=\"panel-grid-cell\" ><div id=\"panel-78-7-0-0\" class=\"so-panel widget widget_lsow-hero-image panel-first-child panel-last-child\" data-index=\"7\" ><div\n\t\t\t\n\t\t\tclass=\"so-widget-lsow-hero-image so-widget-lsow-hero-image-default-4461fa617e0c-78\"\n\t\t\t\n\t\t>\n\n<div class=\"lsow-hero-header lsow-section-bg-parallax\" >\n\n    \n    <div class=\"lsow-background\">\n\n        \n            \n            \n                \n                    <div class=\"lsow-parallax-bg\"\n                         style=\"background-image: url(https:\/\/ds-parkett.de\/wp-content\/uploads\/2017\/12\/Parkettboden_02.jpg);\"><\/div>\n\n                \n            \n        \n    <\/div><!-- .lsow-background -->\n\n    \n        <div class=\"lsow-overlay\" style=\"background-color: rgba(107, 107, 108, 1);\"><\/div>\n\n    \n    <div class=\"lsow-header-content\">\n\n        \n            <div class=\"lsow-standard-header\">\n\n                \n                <h3 class=\"lsow-heading\">Schleifarbeiten<\/h3>\n                \n            <\/div>\n\n        \n\n    <\/div>\n\n    \n<\/div><\/div><\/div><\/div><\/div><\/div><div id=\"pg-78-8\"  class=\"panel-grid panel-has-style\" ><div class=\"panel-row-style panel-row-style-for-78-8\" ><div id=\"pgc-78-8-0\"  class=\"panel-grid-cell\" ><div id=\"panel-78-8-0-0\" class=\"so-panel widget widget_sow-editor panel-first-child panel-last-child\" data-index=\"8\" ><div\n\t\t\t\n\t\t\tclass=\"so-widget-sow-editor so-widget-sow-editor-base\"\n\t\t\t\n\t\t>\n<div class=\"siteorigin-widget-tinymce textwidget\">\n\t<p>Bei der Parkettrenovierung wird ca. 1mm Holzschicht abgeschliffen, die Fugen werden zugespachtelt und anschlie\u00dfend versiegelt, ge\u00f6lt oder Farblich abgesetzt . Auch sehr altes und abgenutztes Parkett wird auf diese Weise wieder zu einem neuwertigen Bodenbelag. Ein guter Parkettboden ist daher ein sehr wirtschaftlicher Bodenbelag.<\/p>\n<p>Unsere modernen Schleifmaschinen reduzieren die Staubentwicklung und lassen die Parkettrenovierung buchst\u00e4blich zu einer sauberen Sache werden. Wir machen aus Ihrem alten Parkettboden wieder ein Top Parkettboden, der er einmal war. Sie werden Ihren Parkettboden nicht wieder erkennen !<\/p>\n<\/div>\n<\/div><\/div><\/div><\/div><\/div><div id=\"pg-78-9\"  class=\"panel-grid panel-has-style\" ><div class=\"siteorigin-panels-stretch panel-row-style panel-row-style-for-78-9\" data-stretch-type=\"full\" ><div id=\"pgc-78-9-0\"  class=\"panel-grid-cell\" ><div id=\"panel-78-9-0-0\" class=\"so-panel widget widget_lsow-hero-image panel-first-child panel-last-child\" data-index=\"9\" ><div\n\t\t\t\n\t\t\tclass=\"so-widget-lsow-hero-image so-widget-lsow-hero-image-default-4461fa617e0c-78\"\n\t\t\t\n\t\t>\n\n<div class=\"lsow-hero-header lsow-section-bg-parallax\" >\n\n    \n    <div class=\"lsow-background\">\n\n        \n            \n            \n                \n                    <div class=\"lsow-parallax-bg\"\n                         style=\"background-image: url(https:\/\/ds-parkett.de\/wp-content\/uploads\/2017\/12\/Parkettboden_02.jpg);\"><\/div>\n\n                \n            \n        \n    <\/div><!-- .lsow-background -->\n\n    \n        <div class=\"lsow-overlay\" style=\"background-color: rgba(107, 107, 108, 1);\"><\/div>\n\n    \n    <div class=\"lsow-header-content\">\n\n        \n            <div class=\"lsow-standard-header\">\n\n                \n                <h3 class=\"lsow-heading\">Asbestarbeiten<\/h3>\n                \n            <\/div>\n\n        \n\n    <\/div>\n\n    \n<\/div><\/div><\/div><\/div><\/div><\/div><div id=\"pg-78-10\"  class=\"panel-grid panel-has-style\" ><div class=\"panel-row-style panel-row-style-for-78-10\" ><div id=\"pgc-78-10-0\"  class=\"panel-grid-cell\" ><div id=\"panel-78-10-0-0\" class=\"so-panel widget widget_sow-editor panel-first-child panel-last-child\" data-index=\"10\" ><div\n\t\t\t\n\t\t\tclass=\"so-widget-sow-editor so-widget-sow-editor-base\"\n\t\t\t\n\t\t>\n<div class=\"siteorigin-widget-tinymce textwidget\">\n\t<p><strong>Asbesthaltige Bodenbel\u00e4ge<\/strong> sind eindeutig krebserregend. Charakteristisch f\u00fcr Asbest ist seine Eigenschaft, sich in feine Fasern zu zerteilen, die sich der L\u00e4nge nach weiter aufspalten und dadurch leicht eingeatmet werden k\u00f6nnen. Die eingeatmeten Fasern k\u00f6nnen langfristig in der Lunge verbleiben und das Gewebe reizen, was zum Krebs f\u00fchren kann. <\/p>\n<p>Wir sind sachkundiger Fachbetrieb f\u00fcr Demontage und fachgerechte Entsorgung.<\/p>\n<\/div>\n<\/div><\/div><\/div><\/div><\/div><\/div>","protected":false},"excerpt":{"rendered":"<p>Kleine Renovierungen,\u00a0 gro\u00dfe Bauprojekte, egal ob privater Hausbau oder ein Gewerbeprojekt;\u00a0 DS-Parkett ist Ihr professioneller Partner und Fachmann f\u00fcr alle Arten von Fussbodenbel\u00e4gen. Wir sorgen daf\u00fcr, dass Sie lange Freude an Ihrem Fu\u00dfboden haben. Je nach Beanspruchung und Anforderungen verlegen wir,\u00a0 CV Bel\u00e4ge, Laminat, Kork, Parkett, Teppich, Designbodenbel\u00e4ge, elastische Bodenbel\u00e4ge. Dazu geh\u00f6ren selbstverst\u00e4ndlich s\u00e4mtliche Vorbereitungsarbeiten&hellip;<\/p>\n","protected":false},"author":1,"featured_media":0,"parent":0,"menu_order":0,"comment_status":"closed","ping_status":"closed","template":"","meta":{"footnotes":""},"class_list":["post-78","page","type-page","status-publish","hentry"],"_links":{"self":[{"href":"https:\/\/ds-parkett.de\/index.php\/wp-json\/wp\/v2\/pages\/78","targetHints":{"allow":["GET"]}}],"collection":[{"href":"https:\/\/ds-parkett.de\/index.php\/wp-json\/wp\/v2\/pages"}],"about":[{"href":"https:\/\/ds-parkett.de\/index.php\/wp-json\/wp\/v2\/types\/page"}],"author":[{"embeddable":true,"href":"https:\/\/ds-parkett.de\/index.php\/wp-json\/wp\/v2\/users\/1"}],"replies":[{"embeddable":true,"href":"https:\/\/ds-parkett.de\/index.php\/wp-json\/wp\/v2\/comments?post=78"}],"version-history":[{"count":38,"href":"https:\/\/ds-parkett.de\/index.php\/wp-json\/wp\/v2\/pages\/78\/revisions"}],"predecessor-version":[{"id":395,"href":"https:\/\/ds-parkett.de\/index.php\/wp-json\/wp\/v2\/pages\/78\/revisions\/395"}],"wp:attachment":[{"href":"https:\/\/ds-parkett.de\/index.php\/wp-json\/wp\/v2\/media?parent=78"}],"curies":[{"name":"wp","href":"https:\/\/api.w.org\/{rel}","templated":true}]}}